{"id":177,"date":"2020-03-16T07:59:34","date_gmt":"2020-03-16T06:59:34","guid":{"rendered":"http:\/\/round-data.com\/?page_id=177"},"modified":"2024-03-08T12:42:29","modified_gmt":"2024-03-08T11:42:29","slug":"equipe","status":"publish","type":"page","link":"https:\/\/round-data.com\/index.php\/equipe\/","title":{"rendered":"Equipe"},"content":{"rendered":"<p>[et_pb_section fb_built=&#8221;1&#8243; admin_label=&#8221;section&#8221; _builder_version=&#8221;4.4.1&#8243; background_color=&#8221;#ffffff&#8221; background_image=&#8221;http:\/\/round-data.com\/wp-content\/uploads\/2020\/06\/Phi-light-pour-fond.png&#8221; background_size=&#8221;contain&#8221; background_position=&#8221;top_center&#8221;][et_pb_row column_structure=&#8221;3_5,2_5&#8243; _builder_version=&#8221;4.4.1&#8243;][et_pb_column type=&#8221;3_5&#8243; _builder_version=&#8221;4.4.1&#8243;][et_pb_text _builder_version=&#8221;4.4.1&#8243; text_font=&#8221;Source Sans Pro||||||||&#8221; text_text_color=&#8221;#000000&#8243; text_orientation=&#8221;justified&#8221; width=&#8221;100%&#8221;]<\/p>\n<p><span style=\"font-size: large;\"><em>Fran\u00e7ois<\/em><\/span><\/p>\n<p><span>Apr\u00e8s\u00a0\u00eatre intervenu plus de 20 ans chez l\u2019annonceur, en agence et en soci\u00e9t\u00e9 de\u00a0conseil sur de multiples fonctions de management d\u2019\u00e9quipes et management de\u00a0projets Data, je cr\u00e9e ROUND DATA pour accompagner les entreprises et les mettre\u00a0en mouvement dans le cadre de leurs projets Data.<\/span><\/p>\n<p><span>Dipl\u00f4m\u00e9\u00a0de l\u2019INSA en g\u00e9nie math\u00e9matique, et d\u2019un DEA en mod\u00e9lisation\u00a0stochastique, j\u2019ai pris la responsabilit\u00e9 d&#8217;\u00e9quipes Data et Data\u00a0Science dans des contextes et secteurs d&#8217;activit\u00e9 divers. J\u2019ai\u00a0alors pris un grand plaisir \u00e0 piloter des projets Data d\u2019envergure au service\u00a0du Marketing Digital et de l\u2019Exp\u00e9rience Client.<\/span><\/p>\n<p><span>Passionn\u00e9\u00a0par la transmission du savoir et l\u2019accompagnement des Hommes, je suis \u00e9galement\u00a0enseignant en Data et Data Science aupr\u00e8s de plusieurs \u00e9coles et universit\u00e9s.<\/span><\/p>\n<p>&nbsp;<\/p>\n<p><span style=\"font-size: large;\"><em>Et son r\u00e9seau<\/em><\/span><\/p>\n<p><span>Au-del\u00e0 de mes savoir-faire, je propose de mobiliser mon r\u00e9seau de sp\u00e9cialistes de la data et des m\u00e9tiers du marketing digital.<\/span><\/p>\n<p>[\/et_pb_text][\/et_pb_column][et_pb_column type=&#8221;2_5&#8243; _builder_version=&#8221;4.4.1&#8243;][et_pb_image src=&#8221;http:\/\/round-data.com\/wp-content\/uploads\/2020\/05\/FLE_cadre_NB_cut500.jpg&#8221; _builder_version=&#8221;4.4.1&#8243; max_width=&#8221;85%&#8221;][\/et_pb_image][\/et_pb_column][\/et_pb_row][et_pb_row _builder_version=&#8221;4.4.1&#8243; column_structure=&#8221;1_4,1_4,1_4,1_4&#8243; min_height=&#8221;218px&#8221;][et_pb_column _builder_version=&#8221;4.4.1&#8243; type=&#8221;1_4&#8243;][et_pb_image src=&#8221;http:\/\/round-data.com\/wp-content\/uploads\/2024\/03\/X.jpg&#8221; _builder_version=&#8221;4.4.1&#8243; hover_enabled=&#8221;0&#8243;][\/et_pb_image][\/et_pb_column][et_pb_column _builder_version=&#8221;4.4.1&#8243; type=&#8221;1_4&#8243;][et_pb_image src=&#8221;http:\/\/round-data.com\/wp-content\/uploads\/2024\/03\/Assas.jpg&#8221; _builder_version=&#8221;4.4.1&#8243; hover_enabled=&#8221;0&#8243;][\/et_pb_image][\/et_pb_column][et_pb_column _builder_version=&#8221;4.4.1&#8243; type=&#8221;1_4&#8243;][et_pb_image src=&#8221;http:\/\/round-data.com\/wp-content\/uploads\/2024\/03\/SKEMA.jpg&#8221; _builder_version=&#8221;4.4.1&#8243; hover_enabled=&#8221;0&#8243;][\/et_pb_image][\/et_pb_column][et_pb_column _builder_version=&#8221;4.4.1&#8243; type=&#8221;1_4&#8243;][et_pb_image src=&#8221;http:\/\/round-data.com\/wp-content\/uploads\/2024\/03\/WSF.jpg&#8221; _builder_version=&#8221;4.4.1&#8243; hover_enabled=&#8221;0&#8243;][\/et_pb_image][\/et_pb_column][\/et_pb_row][et_pb_row _builder_version=&#8221;4.4.1&#8243;][et_pb_column type=&#8221;4_4&#8243; _builder_version=&#8221;4.4.1&#8243;][et_pb_text _builder_version=&#8221;4.4.1&#8243; text_font=&#8221;Source Sans Pro||||||||&#8221; custom_margin=&#8221;-19px||||false|false&#8221;]<\/p>\n<p><img loading=\"lazy\" src=\"http:\/\/round-data.com\/wp-content\/uploads\/2020\/06\/LinkedIn.png\" width=\"29\" height=\"25\" alt=\"\" class=\"wp-image-613 alignnone size-full\" \/><a href=\"https:\/\/www.linkedin.com\/in\/fran%C3%A7ois-le-corre-0251745\/\">\u00a0 Profil LinkedIn<\/a><\/p>\n<p>[\/et_pb_text][\/et_pb_column][\/et_pb_row][et_pb_row column_structure=&#8221;1_4,1_4,1_4,1_4&#8243; _builder_version=&#8221;4.4.1&#8243; min_height=&#8221;86px&#8221;][et_pb_column type=&#8221;1_4&#8243; _builder_version=&#8221;4.4.1&#8243;][et_pb_text _builder_version=&#8221;4.4.1&#8243; text_font=&#8221;Source Sans Pro||on||||||&#8221; text_font_size=&#8221;17px&#8221; custom_margin=&#8221;-25px||||false|false&#8221; custom_padding=&#8221;30px||3px||false|false&#8221;]<\/p>\n<p>Co-animateur du club Turing Data &amp; IA\u00a0<\/p>\n<p>[\/et_pb_text][\/et_pb_column][et_pb_column type=&#8221;1_4&#8243; _builder_version=&#8221;4.4.1&#8243;][et_pb_image src=&#8221;http:\/\/round-data.com\/wp-content\/uploads\/2023\/04\/DMA.png&#8221; _builder_version=&#8221;4.4.1&#8243; width=&#8221;63%&#8221; custom_margin=&#8221;-15px||||false|false&#8221;][\/et_pb_image][\/et_pb_column][et_pb_column type=&#8221;1_4&#8243; _builder_version=&#8221;4.4.1&#8243;][\/et_pb_column][et_pb_column type=&#8221;1_4&#8243; _builder_version=&#8221;4.4.1&#8243;][\/et_pb_column][\/et_pb_row][\/et_pb_section]<\/p>\n","protected":false},"excerpt":{"rendered":"<p>[et_pb_section fb_built=&#8221;1&#8243; admin_label=&#8221;section&#8221; _builder_version=&#8221;4.4.1&#8243; background_color=&#8221;#ffffff&#8221; background_image=&#8221;http:\/\/round-data.com\/wp-content\/uploads\/2020\/06\/Phi-light-pour-fond.png&#8221; background_size=&#8221;contain&#8221; background_position=&#8221;top_center&#8221;][et_pb_row column_structure=&#8221;3_5,2_5&#8243; _builder_version=&#8221;4.4.1&#8243;][et_pb_column type=&#8221;3_5&#8243; _builder_version=&#8221;4.4.1&#8243;][et_pb_text _builder_version=&#8221;4.4.1&#8243; text_font=&#8221;Source Sans Pro||||||||&#8221; text_text_color=&#8221;#000000&#8243; text_orientation=&#8221;justified&#8221; width=&#8221;100%&#8221;] Fran\u00e7ois Apr\u00e8s\u00a0\u00eatre intervenu plus de 20 ans chez l\u2019annonceur, en agence et en soci\u00e9t\u00e9 de\u00a0conseil sur de multiples fonctions de management d\u2019\u00e9quipes et management de\u00a0projets Data, je cr\u00e9e ROUND DATA pour accompagner les entreprises et les [&hellip;]<\/p>\n","protected":false},"author":1,"featured_media":181,"parent":0,"menu_order":0,"comment_status":"closed","ping_status":"closed","template":"","meta":{"_et_pb_use_builder":"on","_et_pb_old_content":"<!-- wp:paragraph -->\n<p>Apr\u00e8s\n\u00eatre intervenu plus de 20 ans chez l\u2019annonceur, en agence et en soci\u00e9t\u00e9 de\nconseil sur de multiples fonctions de management d\u2019\u00e9quipes et management de\nprojets Data, je cr\u00e9e ROUND DATA pour conseiller les entreprises et les mettre\nen mouvement dans le cadre de leurs projets Data.<\/p>\n<!-- \/wp:paragraph -->\n\n<!-- wp:paragraph -->\n<p>Dipl\u00f4m\u00e9\nde l\u2019INSA de Rouen en g\u00e9nie math\u00e9matique, et d\u2019un DEA en mod\u00e9lisation\nstochastique, j\u2019ai pris la responsabilit\u00e9 de diverses \u00e9quipes Data et Data\nScience chez l\u2019annonceur et dans le conseil sur tout secteur d\u2019activit\u00e9. J\u2019ai\nalors pris un grand plaisir \u00e0 piloter des projets Data d\u2019envergure au service\ndu Marketing Digital et de l\u2019Exp\u00e9rience Client de grandes soci\u00e9t\u00e9s, leader de\nleur secteur.<\/p>\n<!-- \/wp:paragraph -->\n\n<!-- wp:paragraph -->\n<p>Passionn\u00e9\npar la transmission du savoir et l\u2019accompagnement des Hommes, je suis \u00e9galement\nenseignant en Data et Data Science aupr\u00e8s de plusieurs \u00e9coles et universit\u00e9s.<\/p>\n<!-- \/wp:paragraph -->","_et_gb_content_width":""},"_links":{"self":[{"href":"https:\/\/round-data.com\/index.php\/wp-json\/wp\/v2\/pages\/177"}],"collection":[{"href":"https:\/\/round-data.com\/index.php\/wp-json\/wp\/v2\/pages"}],"about":[{"href":"https:\/\/round-data.com\/index.php\/wp-json\/wp\/v2\/types\/page"}],"author":[{"embeddable":true,"href":"https:\/\/round-data.com\/index.php\/wp-json\/wp\/v2\/users\/1"}],"replies":[{"embeddable":true,"href":"https:\/\/round-data.com\/index.php\/wp-json\/wp\/v2\/comments?post=177"}],"version-history":[{"count":30,"href":"https:\/\/round-data.com\/index.php\/wp-json\/wp\/v2\/pages\/177\/revisions"}],"predecessor-version":[{"id":905,"href":"https:\/\/round-data.com\/index.php\/wp-json\/wp\/v2\/pages\/177\/revisions\/905"}],"wp:featuredmedia":[{"embeddable":true,"href":"https:\/\/round-data.com\/index.php\/wp-json\/wp\/v2\/media\/181"}],"wp:attachment":[{"href":"https:\/\/round-data.com\/index.php\/wp-json\/wp\/v2\/media?parent=177"}],"curies":[{"name":"wp","href":"https:\/\/api.w.org\/{rel}","templated":true}]}}