{"id":343,"date":"2020-03-29T13:03:31","date_gmt":"2020-03-29T11:03:31","guid":{"rendered":"http:\/\/round-data.com\/?page_id=343"},"modified":"2024-03-08T12:52:09","modified_gmt":"2024-03-08T11:52:09","slug":"references","status":"publish","type":"page","link":"https:\/\/round-data.com\/index.php\/references\/","title":{"rendered":"R\u00e9f\u00e9rences"},"content":{"rendered":"<p>[et_pb_section fb_built=&#8221;1&#8243; _builder_version=&#8221;4.4.1&#8243; min_height=&#8221;180px&#8221; custom_padding=&#8221;||0px|||&#8221;][et_pb_row _builder_version=&#8221;4.4.1&#8243;][et_pb_column type=&#8221;4_4&#8243; _builder_version=&#8221;4.4.1&#8243;][dica_divi_carousel show_items_desktop=&#8221;6&#8243; show_items_tablet=&#8221;5&#8243; show_items_mobile=&#8221;3&#8243; loop=&#8221;on&#8221; autoplay=&#8221;on&#8221; autoplay_speed=&#8221;800&#8243; item_spacing=&#8221;30px&#8221; equal_height=&#8221;on&#8221; advanced_effect=&#8221;1&#8243; _builder_version=&#8221;4.4.1&#8243; hover_enabled=&#8221;0&#8243;][dica_divi_carouselitem button_url_new_window=&#8221;1&#8243; _builder_version=&#8221;4.4.1&#8243;]<\/p>\n<p style=\"text-align: center;\"><img loading=\"lazy\" src=\"http:\/\/round-data.com\/wp-content\/uploads\/2020\/06\/Bytel-NB.png\" width=\"92\" height=\"92\" alt=\"\" class=\"wp-image-585 alignnone size-full\" \/><\/p>\n<p>[\/dica_divi_carouselitem][dica_divi_carouselitem button_url_new_window=&#8221;1&#8243; _builder_version=&#8221;4.4.1&#8243;]<\/p>\n<p><img loading=\"lazy\" src=\"http:\/\/round-data.com\/wp-content\/uploads\/2020\/06\/SFR-NB.png\" width=\"64\" height=\"64\" alt=\"\" class=\"wp-image-576 alignnone size-full\" \/><\/p>\n<p>[\/dica_divi_carouselitem][dica_divi_carouselitem button_url_new_window=&#8221;1&#8243; _builder_version=&#8221;4.4.1&#8243;]<\/p>\n<p style=\"text-align: center;\"><img loading=\"lazy\" src=\"http:\/\/round-data.com\/wp-content\/uploads\/2020\/06\/Loreal-NB.png\" width=\"219\" height=\"57\" alt=\"\" class=\"wp-image-573 alignnone size-full\" \/><\/p>\n<p>[\/dica_divi_carouselitem][dica_divi_carouselitem button_url_new_window=&#8221;1&#8243; _builder_version=&#8221;4.4.1&#8243;]<\/p>\n<p style=\"text-align: center;\"><img loading=\"lazy\" src=\"http:\/\/round-data.com\/wp-content\/uploads\/2020\/06\/PSA-NB.png\" width=\"81\" height=\"46\" alt=\"\" class=\"wp-image-575 alignnone size-full\" \/><\/p>\n<p>[\/dica_divi_carouselitem][dica_divi_carouselitem button_url_new_window=&#8221;1&#8243; _builder_version=&#8221;4.4.1&#8243;]<\/p>\n<p style=\"text-align: center;\"><img loading=\"lazy\" src=\"http:\/\/round-data.com\/wp-content\/uploads\/2020\/06\/Accor-NB.png\" width=\"255\" height=\"90\" alt=\"\" class=\"wp-image-565 alignnone size-full\" \/><\/p>\n<p>[\/dica_divi_carouselitem][dica_divi_carouselitem button_url_new_window=&#8221;1&#8243; _builder_version=&#8221;4.4.1&#8243;]<\/p>\n<p style=\"text-align: center;\"><img loading=\"lazy\" src=\"http:\/\/round-data.com\/wp-content\/uploads\/2020\/06\/Amundi-NB-300x99.png\" width=\"224\" height=\"74\" alt=\"\" class=\"wp-image-566 alignnone size-medium\" srcset=\"https:\/\/round-data.com\/wp-content\/uploads\/2020\/06\/Amundi-NB-300x99.png 300w, https:\/\/round-data.com\/wp-content\/uploads\/2020\/06\/Amundi-NB.png 331w\" sizes=\"(max-width: 224px) 100vw, 224px\" \/><\/p>\n<p>[\/dica_divi_carouselitem][dica_divi_carouselitem button_url_new_window=&#8221;1&#8243; _builder_version=&#8221;4.4.1&#8243;]<\/p>\n<p><img loading=\"lazy\" src=\"http:\/\/round-data.com\/wp-content\/uploads\/2020\/06\/veepee-NB-300x83.png\" width=\"342\" height=\"94\" alt=\"\" class=\"wp-image-578 alignnone size-medium\" \/><\/p>\n<p>[\/dica_divi_carouselitem][dica_divi_carouselitem button_url_new_window=&#8221;1&#8243; _builder_version=&#8221;4.4.1&#8243;]<\/p>\n<p style=\"text-align: center;\"><img loading=\"lazy\" src=\"http:\/\/round-data.com\/wp-content\/uploads\/2020\/06\/Wafa-NB.png\" width=\"60\" height=\"66\" alt=\"\" class=\"wp-image-579 alignnone size-full\" \/><\/p>\n<p>[\/dica_divi_carouselitem][dica_divi_carouselitem button_url_new_window=&#8221;1&#8243; _builder_version=&#8221;4.4.1&#8243;]<\/p>\n<p style=\"text-align: center;\"><img loading=\"lazy\" src=\"http:\/\/round-data.com\/wp-content\/uploads\/2020\/06\/solocal-NB.png\" width=\"193\" height=\"75\" alt=\"\" class=\"wp-image-577 alignnone size-full\" \/><\/p>\n<p>[\/dica_divi_carouselitem][dica_divi_carouselitem button_url_new_window=&#8221;1&#8243; _builder_version=&#8221;4.4.1&#8243;]<\/p>\n<p style=\"text-align: center;\"><img loading=\"lazy\" src=\"http:\/\/round-data.com\/wp-content\/uploads\/2020\/06\/Natixis-NB-300x85.png\" width=\"191\" height=\"54\" alt=\"\" class=\"wp-image-574 alignnone size-medium\" srcset=\"https:\/\/round-data.com\/wp-content\/uploads\/2020\/06\/Natixis-NB-300x85.png 300w, https:\/\/round-data.com\/wp-content\/uploads\/2020\/06\/Natixis-NB.png 316w\" sizes=\"(max-width: 191px) 100vw, 191px\" \/><\/p>\n<p>[\/dica_divi_carouselitem][dica_divi_carouselitem button_url_new_window=&#8221;1&#8243; _builder_version=&#8221;4.4.1&#8243;]<\/p>\n<p style=\"text-align: center;\"><img loading=\"lazy\" src=\"http:\/\/round-data.com\/wp-content\/uploads\/2020\/06\/La-Poste-NB.png\" width=\"92\" height=\"69\" alt=\"\" class=\"wp-image-572 alignnone size-full\" \/><\/p>\n<p>[\/dica_divi_carouselitem][dica_divi_carouselitem button_url_new_window=&#8221;1&#8243; _builder_version=&#8221;4.4.1&#8243;]<\/p>\n<p style=\"text-align: center;\"><img loading=\"lazy\" src=\"http:\/\/round-data.com\/wp-content\/uploads\/2020\/06\/intersport-NB.png\" width=\"212\" height=\"45\" alt=\"\" class=\"wp-image-571 alignnone size-full\" \/><\/p>\n<p>[\/dica_divi_carouselitem][dica_divi_carouselitem button_url_new_window=&#8221;1&#8243; _builder_version=&#8221;4.4.1&#8243;]<\/p>\n<p><img loading=\"lazy\" src=\"http:\/\/round-data.com\/wp-content\/uploads\/2024\/03\/EIFFAGE.jpg\" width=\"283\" height=\"80\" alt=\"\" class=\"wp-image-906 alignnone size-full\" \/><\/p>\n<p>[\/dica_divi_carouselitem][dica_divi_carouselitem button_url_new_window=&#8221;1&#8243; _builder_version=&#8221;4.4.1&#8243;]<\/p>\n<p style=\"text-align: center;\"><img loading=\"lazy\" src=\"http:\/\/round-data.com\/wp-content\/uploads\/2020\/06\/ingenico-NB.png\" width=\"109\" height=\"43\" alt=\"\" class=\"wp-image-570 alignnone size-full\" \/><\/p>\n<p>[\/dica_divi_carouselitem][dica_divi_carouselitem button_url_new_window=&#8221;1&#8243; _builder_version=&#8221;4.4.1&#8243;]<\/p>\n<p style=\"text-align: center;\"><img loading=\"lazy\" src=\"http:\/\/round-data.com\/wp-content\/uploads\/2020\/06\/confo-NB.png\" width=\"175\" height=\"42\" alt=\"\" class=\"wp-image-569 alignnone size-full\" \/><\/p>\n<p>[\/dica_divi_carouselitem][dica_divi_carouselitem button_url_new_window=&#8221;1&#8243; _builder_version=&#8221;4.4.1&#8243;]<\/p>\n<p style=\"text-align: center;\"><img loading=\"lazy\" src=\"http:\/\/round-data.com\/wp-content\/uploads\/2020\/06\/APRR-NB.png\" width=\"138\" height=\"54\" alt=\"\" class=\"wp-image-567 alignnone size-full\" \/><\/p>\n<p>[\/dica_divi_carouselitem][dica_divi_carouselitem button_url_new_window=&#8221;1&#8243; _builder_version=&#8221;4.4.1&#8243; hover_enabled=&#8221;0&#8243;]<\/p>\n<p><img loading=\"lazy\" src=\"http:\/\/round-data.com\/wp-content\/uploads\/2024\/03\/CMA-CGM-1.jpg\" width=\"134\" height=\"81\" alt=\"\" class=\"wp-image-913 alignnone size-full\" \/><\/p>\n<p>[\/dica_divi_carouselitem][dica_divi_carouselitem button_url_new_window=&#8221;1&#8243; _builder_version=&#8221;4.4.1&#8243;]<\/p>\n<p><img loading=\"lazy\" src=\"http:\/\/round-data.com\/wp-content\/uploads\/2024\/03\/CIC.jpg\" width=\"178\" height=\"116\" alt=\"\" class=\"wp-image-909 alignnone size-full\" \/><\/p>\n<p>[\/dica_divi_carouselitem][\/dica_divi_carousel][\/et_pb_column][\/et_pb_row][\/et_pb_section][et_pb_section fb_built=&#8221;1&#8243; _builder_version=&#8221;4.4.1&#8243; min_height=&#8221;1529px&#8221;][et_pb_row _builder_version=&#8221;4.4.1&#8243; custom_margin=&#8221;-31px||||false|false&#8221;][et_pb_column type=&#8221;4_4&#8243; _builder_version=&#8221;4.4.1&#8243;][et_pb_text _builder_version=&#8221;4.4.1&#8243; text_font=&#8221;Source Sans Pro||||||||&#8221; text_text_color=&#8221;#848484&#8243; text_font_size=&#8221;22px&#8221; custom_padding=&#8221;2px||1px|||&#8221; border_width_bottom=&#8221;1px&#8221; border_color_bottom=&#8221;#d3d3d3&#8243;]<\/p>\n<p>Quelques missions r\u00e9alis\u00e9es\u00a0<\/p>\n<p>[\/et_pb_text][\/et_pb_column][\/et_pb_row][et_pb_row column_structure=&#8221;3_4,1_4&#8243; _builder_version=&#8221;4.4.1&#8243; min_height=&#8221;271px&#8221;][et_pb_column type=&#8221;3_4&#8243; _builder_version=&#8221;4.4.1&#8243;][et_pb_text _builder_version=&#8221;4.4.1&#8243; text_font=&#8221;Poppins||||||||&#8221; text_text_color=&#8221;#000000&#8243; text_font_size=&#8221;20px&#8221;]<\/p>\n<p><strong>Management de transition Data et Connaissance Client<\/strong><\/p>\n<p>[\/et_pb_text][et_pb_text _builder_version=&#8221;4.4.1&#8243; text_font=&#8221;Source Sans Pro||||||||&#8221; text_orientation=&#8221;justified&#8221; custom_padding=&#8221;|5px||7px|false|false&#8221; border_color_right=&#8221;#e0b760&#8243; border_width_left=&#8221;1px&#8221; border_color_left=&#8221;#e09900&#8243; box_shadow_style=&#8221;preset4&#8243; box_shadow_vertical=&#8221;5px&#8221; box_shadow_blur=&#8221;2px&#8221; inline_fonts=&#8221;Oswald,Poppins&#8221;]<\/p>\n<p><span style=\"font-size: small;\">Pilotage de la Connaissance Client : d\u00e9finition de la roadmap et orchestration des chantiers : sp\u00e9cification du datalake, gestion de la data quality, mise en place de reporting d&#8217;activit\u00e9, d&#8217;analyse de comportement client et de mod\u00e8les machine learning pour optimiser les actions marketing et commerciales<\/span><\/p>\n<p>Alignement des diff\u00e9rentes directions de l&#8217;entreprise sur la d\u00e9finition de Client\/Prospect et des notions associ\u00e9es : nouveau client, churn, &#8230;<span style=\"font-size: small;\"><\/span><\/p>\n<p><span style=\"font-size: small;\">Management des \u00e9quipes data en d\u00e9veloppement agile : animation des architectes, data engineers et data scientists autour des projets pour l&#8217;ensemble des directions (commercial, marketing, pilotage, production, &#8230;)<\/span><\/p>\n<p><span style=\"font-size: small;\"><\/span><\/p>\n<p>[\/et_pb_text][\/et_pb_column][et_pb_column type=&#8221;1_4&#8243; _builder_version=&#8221;4.4.1&#8243;][et_pb_image src=&#8221;http:\/\/round-data.com\/wp-content\/uploads\/2020\/05\/Services-Digitaux.png&#8221; align=&#8221;center&#8221; _builder_version=&#8221;4.4.1&#8243; module_alignment=&#8221;center&#8221; max_height=&#8221;251px&#8221; custom_margin=&#8221;13px||||false|false&#8221; custom_padding=&#8221;21px||0px||false|false&#8221;][\/et_pb_image][\/et_pb_column][\/et_pb_row][et_pb_row column_structure=&#8221;3_4,1_4&#8243; _builder_version=&#8221;4.4.1&#8243;][et_pb_column type=&#8221;3_4&#8243; _builder_version=&#8221;4.4.1&#8243;][et_pb_text _builder_version=&#8221;4.4.1&#8243; text_font=&#8221;Poppins||||||||&#8221; text_text_color=&#8221;#000000&#8243; text_font_size=&#8221;20px&#8221; custom_padding=&#8221;||2px|||&#8221;]<\/p>\n<p><strong>Mise en place de la gouvernance des donn\u00e9es<\/strong><\/p>\n<p>[\/et_pb_text][et_pb_text _builder_version=&#8221;4.4.1&#8243; text_font=&#8221;Source Sans Pro||||||||&#8221; text_orientation=&#8221;justified&#8221; custom_padding=&#8221;2px|5px||7px|false|false&#8221; border_color_right=&#8221;#e0b760&#8243; border_width_left=&#8221;1px&#8221; border_color_left=&#8221;#e09900&#8243; box_shadow_style=&#8221;preset4&#8243; box_shadow_vertical=&#8221;5px&#8221; box_shadow_blur=&#8221;2px&#8221; inline_fonts=&#8221;Oswald&#8221;]<\/p>\n<h2><span style=\"font-size: 14px; color: #666666;\">Diagnostic de la maturit\u00e9 Data (audit des syst\u00e8mes d&#8217;information, interviews, analyse des processus de valorisation des donn\u00e9es &#8230;)<\/span><\/h2>\n<p><span>Recommandations moyens termes et de plan d\u2019actions court terme sur le plan SI, process, organisation et data<\/span><\/p>\n<p><span>D\u00e9clinaison en plan d&#8217;actions : Mise en place de la Gouvernance des donn\u00e9es client avec la cr\u00e9ation de nouvelles instances de pilotage des donn\u00e9es, d\u00e9finition des r\u00f4les et responsabilit\u00e9s des acteurs sur l\u2019ensemble de la chaine de la donn\u00e9e, refonte de la segmentation client, mise en place d&#8217;un dispositif de data quality<\/span><span>\u00a0<\/span><\/p>\n<p><span style=\"font-size: small;\"><\/span><\/p>\n<p>[\/et_pb_text][\/et_pb_column][et_pb_column type=&#8221;1_4&#8243; _builder_version=&#8221;4.4.1&#8243;][et_pb_image src=&#8221;http:\/\/round-data.com\/wp-content\/uploads\/2020\/05\/Asset-Management.png&#8221; align=&#8221;center&#8221; _builder_version=&#8221;4.4.1&#8243; max_height=&#8221;251px&#8221; custom_margin=&#8221;23px||||false|false&#8221;][\/et_pb_image][\/et_pb_column][\/et_pb_row][et_pb_row column_structure=&#8221;3_4,1_4&#8243; _builder_version=&#8221;4.4.1&#8243;][et_pb_column type=&#8221;3_4&#8243; _builder_version=&#8221;4.4.1&#8243;][et_pb_text _builder_version=&#8221;4.4.1&#8243; text_font=&#8221;Poppins||||||||&#8221; text_text_color=&#8221;#000000&#8243; text_font_size=&#8221;20px&#8221;]<\/p>\n<p><span><strong>Pilotage de la refonte de programme Marketing Relationnel &amp; Data<\/strong><\/span><\/p>\n<p>[\/et_pb_text][et_pb_text _builder_version=&#8221;4.4.1&#8243; text_font=&#8221;Source Sans Pro||||||||&#8221; text_orientation=&#8221;justified&#8221; custom_padding=&#8221;0px|5px||7px|false|false&#8221; border_color_right=&#8221;#e0b760&#8243; border_width_left=&#8221;1px&#8221; border_color_left=&#8221;#e09900&#8243; box_shadow_style=&#8221;preset4&#8243; box_shadow_vertical=&#8221;5px&#8221; box_shadow_blur=&#8221;2px&#8221; inline_fonts=&#8221;Oswald&#8221;]<\/p>\n<p><span style=\"font-size: small;\">Cadrage des enjeux de la refonte du programme marketing relationnel, s&#8217;inscrivant dans un plan \u00e0 3 ans de la transformation de l&#8217;entreprise.<\/span><\/p>\n<p><span size=\"2\" style=\"font-size: small;\">Pilotage d&#8217;\u00e9quipes marketing et data science dans la mise en place du plan marketing et dans la r\u00e9alisation des analyses comportementales, segmentation, triggers et mod\u00e8les machine learning pour activer le programme marketing relationnel.<\/span><\/p>\n<p><span style=\"font-size: small;\"><\/span><\/p>\n<p>[\/et_pb_text][\/et_pb_column][et_pb_column type=&#8221;1_4&#8243; _builder_version=&#8221;4.4.1&#8243;][et_pb_image src=&#8221;http:\/\/round-data.com\/wp-content\/uploads\/2020\/05\/Credit-conso.png&#8221; align=&#8221;center&#8221; _builder_version=&#8221;4.4.1&#8243; max_height=&#8221;251px&#8221;][\/et_pb_image][\/et_pb_column][\/et_pb_row][et_pb_row column_structure=&#8221;3_4,1_4&#8243; _builder_version=&#8221;4.4.1&#8243;][et_pb_column type=&#8221;3_4&#8243; _builder_version=&#8221;4.4.1&#8243;][et_pb_text _builder_version=&#8221;4.4.1&#8243; text_font=&#8221;Poppins||||||||&#8221; text_text_color=&#8221;#000000&#8243; text_font_size=&#8221;20px&#8221;]<\/p>\n<p><strong>Acculturation Valeur Client &amp; Data, et application sur cas d&#8217;usage<\/strong><\/p>\n<p>[\/et_pb_text][et_pb_text _builder_version=&#8221;4.4.1&#8243; text_font=&#8221;Source Sans Pro||||||||&#8221; text_orientation=&#8221;justified&#8221; custom_padding=&#8221;0px|5px||7px|false|false&#8221; border_color_right=&#8221;#e0b760&#8243; border_width_left=&#8221;1px&#8221; border_color_left=&#8221;#e09900&#8243; box_shadow_style=&#8221;preset4&#8243; box_shadow_vertical=&#8221;5px&#8221; box_shadow_blur=&#8221;2px&#8221; inline_fonts=&#8221;Oswald&#8221;]<\/p>\n<h2><span style=\"font-size: 14px; color: #666666;\">Acculturation des concepts de Client et de Valeur du Client \/ CLTV au travers d&#8217;ateliers p\u00e9dagogiques avec retour d&#8217;exp\u00e9rience multi-sectoriels.<\/span><\/h2>\n<p>Sensibilisation aux diff\u00e9rents outils et diff\u00e9rentes m\u00e9thodologies Data Science : analyses descriptives, segmentations, mod\u00e9lisations pr\u00e9dictives, &#8230;<\/p>\n<p>Audit et diagnostic de la maturit\u00e9 Data et Client, gap analysis et feuille de route.<\/p>\n<p>D\u00e9clinaison de la feuille de route sur un cas d&#8217;usage d&#8217;exploitation de la valeur client, avec les outils data associ\u00e9s.<\/p>\n<p><span style=\"font-size: small;\"><\/span><\/p>\n<p>[\/et_pb_text][\/et_pb_column][et_pb_column type=&#8221;1_4&#8243; _builder_version=&#8221;4.4.1&#8243;][et_pb_image src=&#8221;http:\/\/round-data.com\/wp-content\/uploads\/2020\/05\/Automobile.png&#8221; align=&#8221;center&#8221; _builder_version=&#8221;4.4.1&#8243; max_height=&#8221;251px&#8221; custom_margin=&#8221;29px||||false|false&#8221;][\/et_pb_image][\/et_pb_column][\/et_pb_row][et_pb_row column_structure=&#8221;3_4,1_4&#8243; _builder_version=&#8221;4.4.1&#8243;][et_pb_column type=&#8221;3_4&#8243; _builder_version=&#8221;4.4.1&#8243;][et_pb_text _builder_version=&#8221;4.4.1&#8243; text_font=&#8221;Poppins||||||||&#8221; text_text_color=&#8221;#000000&#8243; text_font_size=&#8221;20px&#8221;]<\/p>\n<p><strong>Mon\u00e9tisation des donn\u00e9es &#8211; Etude d&#8217;opportunit\u00e9<\/strong><\/p>\n<p>[\/et_pb_text][et_pb_text _builder_version=&#8221;4.4.1&#8243; text_font=&#8221;Source Sans Pro||||||||&#8221; text_orientation=&#8221;justified&#8221; custom_padding=&#8221;|||7px|false|false&#8221; border_width_left=&#8221;1px&#8221; border_color_left=&#8221;#e0b760&#8243; box_shadow_style=&#8221;preset4&#8243; box_shadow_vertical=&#8221;5px&#8221; box_shadow_blur=&#8221;2px&#8221; inline_fonts=&#8221;Oswald&#8221;]<\/p>\n<p><span style=\"font-size: small;\">Audit des donn\u00e9es disponibles, recherche de donn\u00e9es pour enrichir les donn\u00e9es existantes (notamment open Data)<\/span><\/p>\n<p><span style=\"font-size: small;\">Analyse de l&#8217;\u00e9cosyst\u00e8me des acteurs de la valorisation de la Data au niveau Europe<\/span><\/p>\n<p><span style=\"font-size: small;\">Identification d&#8217;offres de mon\u00e9tisation (revente de donn\u00e9es brutes, cr\u00e9ation de nouveaux services aux clients gr\u00e2ce \u00e0 la data, optimisation de l&#8217;efficacit\u00e9 des processus internes, offre de diversification sur de nouveaux march\u00e9s &#8211; panel consommateurs, &#8230;<\/span><\/p>\n<p><span style=\"font-size: small;\">Mesure de la valeur des offres, arbitrage des offres et d\u00e9finition du GoToMarket<\/span><\/p>\n<p>[\/et_pb_text][\/et_pb_column][et_pb_column type=&#8221;1_4&#8243; _builder_version=&#8221;4.4.1&#8243;][et_pb_image src=&#8221;http:\/\/round-data.com\/wp-content\/uploads\/2020\/05\/Services-paiement.png&#8221; align=&#8221;center&#8221; _builder_version=&#8221;4.4.1&#8243; max_height=&#8221;251px&#8221; custom_margin=&#8221;16px||||false|false&#8221;][\/et_pb_image][\/et_pb_column][\/et_pb_row][\/et_pb_section]<\/p>\n","protected":false},"excerpt":{"rendered":"<p>[et_pb_section fb_built=&#8221;1&#8243; _builder_version=&#8221;4.4.1&#8243; min_height=&#8221;180px&#8221; custom_padding=&#8221;||0px|||&#8221;][et_pb_row _builder_version=&#8221;4.4.1&#8243;][et_pb_column type=&#8221;4_4&#8243; _builder_version=&#8221;4.4.1&#8243;][dica_divi_carousel show_items_desktop=&#8221;6&#8243; show_items_tablet=&#8221;5&#8243; show_items_mobile=&#8221;3&#8243; loop=&#8221;on&#8221; autoplay=&#8221;on&#8221; autoplay_speed=&#8221;800&#8243; item_spacing=&#8221;30px&#8221; equal_height=&#8221;on&#8221; advanced_effect=&#8221;1&#8243; _builder_version=&#8221;4.4.1&#8243; hover_enabled=&#8221;0&#8243;][dica_divi_carouselitem button_url_new_window=&#8221;1&#8243; _builder_version=&#8221;4.4.1&#8243;] [\/dica_divi_carouselitem][dica_divi_carouselitem button_url_new_window=&#8221;1&#8243; _builder_version=&#8221;4.4.1&#8243;] [\/dica_divi_carouselitem][dica_divi_carouselitem button_url_new_window=&#8221;1&#8243; _builder_version=&#8221;4.4.1&#8243;] [\/dica_divi_carouselitem][dica_divi_carouselitem button_url_new_window=&#8221;1&#8243; _builder_version=&#8221;4.4.1&#8243;] [\/dica_divi_carouselitem][dica_divi_carouselitem button_url_new_window=&#8221;1&#8243; _builder_version=&#8221;4.4.1&#8243;] [\/dica_divi_carouselitem][dica_divi_carouselitem button_url_new_window=&#8221;1&#8243; _builder_version=&#8221;4.4.1&#8243;] [\/dica_divi_carouselitem][dica_divi_carouselitem button_url_new_window=&#8221;1&#8243; _builder_version=&#8221;4.4.1&#8243;] [\/dica_divi_carouselitem][dica_divi_carouselitem button_url_new_window=&#8221;1&#8243; _builder_version=&#8221;4.4.1&#8243;] [\/dica_divi_carouselitem][dica_divi_carouselitem button_url_new_window=&#8221;1&#8243; _builder_version=&#8221;4.4.1&#8243;] [\/dica_divi_carouselitem][dica_divi_carouselitem button_url_new_window=&#8221;1&#8243; _builder_version=&#8221;4.4.1&#8243;] [\/dica_divi_carouselitem][dica_divi_carouselitem button_url_new_window=&#8221;1&#8243; _builder_version=&#8221;4.4.1&#8243;] [\/dica_divi_carouselitem][dica_divi_carouselitem button_url_new_window=&#8221;1&#8243; _builder_version=&#8221;4.4.1&#8243;] [\/dica_divi_carouselitem][dica_divi_carouselitem [&hellip;]<\/p>\n","protected":false},"author":1,"featured_media":0,"parent":0,"menu_order":0,"comment_status":"closed","ping_status":"closed","template":"","meta":{"_et_pb_use_builder":"on","_et_pb_old_content":"","_et_gb_content_width":""},"_links":{"self":[{"href":"https:\/\/round-data.com\/index.php\/wp-json\/wp\/v2\/pages\/343"}],"collection":[{"href":"https:\/\/round-data.com\/index.php\/wp-json\/wp\/v2\/pages"}],"about":[{"href":"https:\/\/round-data.com\/index.php\/wp-json\/wp\/v2\/types\/page"}],"author":[{"embeddable":true,"href":"https:\/\/round-data.com\/index.php\/wp-json\/wp\/v2\/users\/1"}],"replies":[{"embeddable":true,"href":"https:\/\/round-data.com\/index.php\/wp-json\/wp\/v2\/comments?post=343"}],"version-history":[{"count":70,"href":"https:\/\/round-data.com\/index.php\/wp-json\/wp\/v2\/pages\/343\/revisions"}],"predecessor-version":[{"id":914,"href":"https:\/\/round-data.com\/index.php\/wp-json\/wp\/v2\/pages\/343\/revisions\/914"}],"wp:attachment":[{"href":"https:\/\/round-data.com\/index.php\/wp-json\/wp\/v2\/media?parent=343"}],"curies":[{"name":"wp","href":"https:\/\/api.w.org\/{rel}","templated":true}]}}