{"id":604,"date":"2020-06-01T08:13:27","date_gmt":"2020-06-01T06:13:27","guid":{"rendered":"http:\/\/round-data.com\/?page_id=604"},"modified":"2020-06-01T09:29:33","modified_gmt":"2020-06-01T07:29:33","slug":"mentions-legales","status":"publish","type":"page","link":"https:\/\/round-data.com\/index.php\/mentions-legales\/","title":{"rendered":"Mentions l\u00e9gales"},"content":{"rendered":"<p>[et_pb_section fb_built=&#8221;1&#8243; _builder_version=&#8221;4.4.1&#8243;][et_pb_row _builder_version=&#8221;4.4.1&#8243;][et_pb_column _builder_version=&#8221;4.4.1&#8243; type=&#8221;4_4&#8243;][et_pb_text _builder_version=&#8221;4.4.1&#8243; hover_enabled=&#8221;0&#8243;]<\/p>\n<p><span style=\"font-size: x-large;\"><strong>Mentions l\u00e9gales<\/strong><\/span><\/p>\n<p><strong>ROUND DATA<\/strong><br \/> <b>1, rue de la Ferronnerie<\/b><br \/> 78370 PLAISIR<br \/> T\u00e9l : 06.60.31.64.62 \u2013\u00a0 flecorre@round-data.com<br \/> SASU au capital de 5 000\u20ac, enregistr\u00e9 au RCS de Versailles : 882 758 196<\/p>\n<p><strong>Directeur de la publication<\/strong><br \/> <em>Fran\u00e7ois LE CORRE \u2013 Pr\u00e9sident<\/em><\/p>\n<p><strong>Prestataire d\u2019h\u00e9bergement<\/strong><br \/> OVH<br \/> 2 rue Kellermann<br \/> 59100 Roubaix \u2013 France<\/p>\n<p><strong>Protection des donn\u00e9es personnelles<\/strong><br \/> La soci\u00e9t\u00e9 ROUND DATA s\u2019engage \u00e0 respecter votre vie priv\u00e9e, et \u00e0 prot\u00e9ger les informations que vous lui communiquez. En particulier, les donn\u00e9es personnelles qui pourraient \u00eatre collect\u00e9es sur le site web sont destin\u00e9es \u00e0 l\u2019usage de la soci\u00e9t\u00e9 ROUND DATA aux fins exclusives mentionn\u00e9es au moment de la collecte de la donn\u00e9e.<\/p>\n<p>Conform\u00e9ment \u00e0 la loi n\u00b0 78-17 du 6 janvier 1978, modifi\u00e9e, relative \u00e0 l\u2019informatique, aux fichiers et aux libert\u00e9s, vous disposez des droits d\u2019opposition, d\u2019acc\u00e8s et de rectification des donn\u00e9es qui vous concernent.<\/p>\n<p>Pour exercer ces droits, l\u2019adresse suivante :\u00a0<a href=\"mailto:contact@vertone.com\">flecorre@round-data.com<\/a><\/p>\n<p>&nbsp;<\/p>\n<p>[\/et_pb_text][\/et_pb_column][\/et_pb_row][\/et_pb_section]<\/p>\n","protected":false},"excerpt":{"rendered":"<p>[et_pb_section fb_built=&#8221;1&#8243; _builder_version=&#8221;4.4.1&#8243;][et_pb_row _builder_version=&#8221;4.4.1&#8243;][et_pb_column _builder_version=&#8221;4.4.1&#8243; type=&#8221;4_4&#8243;][et_pb_text _builder_version=&#8221;4.4.1&#8243; hover_enabled=&#8221;0&#8243;] Mentions l\u00e9gales ROUND DATA 1, rue de la Ferronnerie 78370 PLAISIR T\u00e9l : 06.60.31.64.62 \u2013\u00a0 flecorre@round-data.com SASU au capital de 5 000\u20ac, enregistr\u00e9 au RCS de Versailles : 882 758 196 Directeur de la publication Fran\u00e7ois LE CORRE \u2013 Pr\u00e9sident Prestataire d\u2019h\u00e9bergement OVH 2 rue Kellermann 59100 [&hellip;]<\/p>\n","protected":false},"author":1,"featured_media":0,"parent":0,"menu_order":0,"comment_status":"closed","ping_status":"closed","template":"","meta":{"_et_pb_use_builder":"on","_et_pb_old_content":"","_et_gb_content_width":""},"_links":{"self":[{"href":"https:\/\/round-data.com\/index.php\/wp-json\/wp\/v2\/pages\/604"}],"collection":[{"href":"https:\/\/round-data.com\/index.php\/wp-json\/wp\/v2\/pages"}],"about":[{"href":"https:\/\/round-data.com\/index.php\/wp-json\/wp\/v2\/types\/page"}],"author":[{"embeddable":true,"href":"https:\/\/round-data.com\/index.php\/wp-json\/wp\/v2\/users\/1"}],"replies":[{"embeddable":true,"href":"https:\/\/round-data.com\/index.php\/wp-json\/wp\/v2\/comments?post=604"}],"version-history":[{"count":2,"href":"https:\/\/round-data.com\/index.php\/wp-json\/wp\/v2\/pages\/604\/revisions"}],"predecessor-version":[{"id":607,"href":"https:\/\/round-data.com\/index.php\/wp-json\/wp\/v2\/pages\/604\/revisions\/607"}],"wp:attachment":[{"href":"https:\/\/round-data.com\/index.php\/wp-json\/wp\/v2\/media?parent=604"}],"curies":[{"name":"wp","href":"https:\/\/api.w.org\/{rel}","templated":true}]}}